{"id":1465,"date":"2024-06-12T08:33:15","date_gmt":"2024-06-12T06:33:15","guid":{"rendered":"https:\/\/www.innergy-global.com\/?page_id=1465"},"modified":"2024-07-26T15:10:51","modified_gmt":"2024-07-26T13:10:51","slug":"operacion-y-mantenimiento","status":"publish","type":"page","link":"https:\/\/www.innergy-global.com\/es\/operacion-y-mantenimiento\/","title":{"rendered":"Operaci\u00f3n y mantenimiento"},"content":{"rendered":"\t\t<div data-elementor-type=\"wp-page\" data-elementor-id=\"1465\" class=\"elementor elementor-1465\" data-elementor-post-type=\"page\">\n\t\t\t\t<div class=\"elementor-element elementor-element-80ce160 e-con-full e-flex e-con e-parent\" data-id=\"80ce160\" data-element_type=\"container\">\n\t\t<div class=\"elementor-element elementor-element-24ffdbd e-con-full e-flex e-con e-child\" data-id=\"24ffdbd\" data-element_type=\"container\">\n\t\t<div class=\"elementor-element elementor-element-305e181 e-con-full e-flex e-con e-child\" data-id=\"305e181\" data-element_type=\"container\" data-settings=\"{&quot;background_background&quot;:&quot;classic&quot;}\">\n\t\t\t\t<div class=\"elementor-element elementor-element-71fa58c elementor-widget__width-initial elementor-widget elementor-widget-heading\" data-id=\"71fa58c\" data-element_type=\"widget\" data-widget_type=\"heading.default\">\n\t\t\t\t<div class=\"elementor-widget-container\">\n\t\t\t<h1 class=\"elementor-heading-title elementor-size-default\">Operaci\u00f3n y Mantenimiento<\/h1>\t\t<\/div>\n\t\t\t\t<\/div>\n\t\t\t\t<\/div>\n\t\t\t\t<\/div>\n\t\t\t\t<\/div>\n\t\t<div class=\"elementor-element elementor-element-39b8215 e-flex e-con-boxed e-con e-parent\" data-id=\"39b8215\" data-element_type=\"container\">\n\t\t\t\t\t<div class=\"e-con-inner\">\n\t\t\t\t<div class=\"elementor-element elementor-element-2a29546 elementor-widget elementor-widget-heading\" data-id=\"2a29546\" data-element_type=\"widget\" data-widget_type=\"heading.default\">\n\t\t\t\t<div class=\"elementor-widget-container\">\n\t\t\t<h2 class=\"elementor-heading-title elementor-size-default\">O&amp;M\n<\/h2>\t\t<\/div>\n\t\t\t\t<\/div>\n\t\t\t\t<div class=\"elementor-element elementor-element-e4c1573 elementor-widget-divider--view-line elementor-invisible elementor-widget elementor-widget-divider\" data-id=\"e4c1573\" data-element_type=\"widget\" data-settings=\"{&quot;_animation&quot;:&quot;fadeIn&quot;}\" data-widget_type=\"divider.default\">\n\t\t\t\t<div class=\"elementor-widget-container\">\n\t\t\t\t\t<div class=\"elementor-divider\">\n\t\t\t<span class=\"elementor-divider-separator\">\n\t\t\t\t\t\t<\/span>\n\t\t<\/div>\n\t\t\t\t<\/div>\n\t\t\t\t<\/div>\n\t\t<div class=\"elementor-element elementor-element-00c634b e-flex e-con-boxed e-con e-child\" data-id=\"00c634b\" data-element_type=\"container\" data-settings=\"{&quot;background_background&quot;:&quot;classic&quot;}\">\n\t\t\t\t\t<div class=\"e-con-inner\">\n\t\t\t\t<div class=\"elementor-element elementor-element-e61bbfa elementor-widget elementor-widget-text-editor\" data-id=\"e61bbfa\" data-element_type=\"widget\" data-widget_type=\"text-editor.default\">\n\t\t\t\t<div class=\"elementor-widget-container\">\n\t\t\t\t\t\t\t<p class=\"wb-stl-normal\">Un correcto mantenimiento y asistencia regulares son esenciales para evitar paradas e inactividad de la planta, garantizando\u00a0una vida \u00fatil prolongada. En INNERGY, acompa\u00f1amos a nuestros clientes durante toda la vida \u00fatil de sus instalaciones mediante contratos individuales y flexibles de mantenimiento, los cuales incluyen el asesoramiento de nuestros especialistas.\u00a0<\/p><p class=\"wb-stl-normal\">Adem\u00e1s, desarollamos paquetes de servicio a medida, con los que garantizar un excelente coste-beneficio. Para proyectos de generaci\u00f3n de energ\u00eda, ofrecemos servicios de O&amp;M bajo garant\u00eda o de por vida, brindando tranquilidad a nuestros clientes. Si necesitas informaci\u00f3n sobre<strong>\u00a0piezas de repuesto oficiales<\/strong>, no dudes en contactarnos.<\/p><p class=\"wb-stl-normal\">\u00a0<\/p>\t\t\t\t\t\t<\/div>\n\t\t\t\t<\/div>\n\t\t\t\t\t<\/div>\n\t\t\t\t<\/div>\n\t\t<div class=\"elementor-element elementor-element-814ec98 e-flex e-con-boxed e-con e-child\" data-id=\"814ec98\" data-element_type=\"container\" data-settings=\"{&quot;background_background&quot;:&quot;classic&quot;}\">\n\t\t\t\t\t<div class=\"e-con-inner\">\n\t\t<div class=\"elementor-element elementor-element-d037ce6 e-flex e-con-boxed e-con e-child\" data-id=\"d037ce6\" data-element_type=\"container\" data-settings=\"{&quot;background_background&quot;:&quot;classic&quot;}\">\n\t\t\t\t\t<div class=\"e-con-inner\">\n\t\t\t\t<div class=\"elementor-element elementor-element-f0384f4 elementor-widget elementor-widget-image\" data-id=\"f0384f4\" data-element_type=\"widget\" data-widget_type=\"image.default\">\n\t\t\t\t<div class=\"elementor-widget-container\">\n\t\t\t\t\t\t\t\t\t\t\t\t\t<img decoding=\"async\" src=\"https:\/\/www.innergy-global.com\/wp-content\/uploads\/elementor\/thumbs\/2014-06-12-09.12.36-scaled-qwzl2c1x1617dy71lhhjp2wye65t5h45rc37z06vtq.jpg\" title=\"Mantenimiento\" alt=\"Mantenimiento\" class=\"elementor-animation-grow\" loading=\"lazy\" \/>\t\t\t\t\t\t\t\t\t\t\t\t\t<\/div>\n\t\t\t\t<\/div>\n\t\t\t\t\t<\/div>\n\t\t\t\t<\/div>\n\t\t<div class=\"elementor-element elementor-element-8bb1895 e-flex e-con-boxed e-con e-child\" data-id=\"8bb1895\" data-element_type=\"container\" data-settings=\"{&quot;background_background&quot;:&quot;classic&quot;}\">\n\t\t\t\t\t<div class=\"e-con-inner\">\n\t\t\t\t<div class=\"elementor-element elementor-element-5dcace4 elementor-widget elementor-widget-image\" data-id=\"5dcace4\" data-element_type=\"widget\" data-widget_type=\"image.default\">\n\t\t\t\t<div class=\"elementor-widget-container\">\n\t\t\t\t\t\t\t\t\t\t\t\t\t<img decoding=\"async\" src=\"https:\/\/www.innergy-global.com\/wp-content\/uploads\/elementor\/thumbs\/overhauling2-scaled-qwzl1zu0kbkh70osku7eanzyo5u1derndnlwqep02m.jpg\" title=\"workers in control room\" alt=\"workers in control room of a factory.\" class=\"elementor-animation-grow\" loading=\"lazy\" \/>\t\t\t\t\t\t\t\t\t\t\t\t\t<\/div>\n\t\t\t\t<\/div>\n\t\t\t\t\t<\/div>\n\t\t\t\t<\/div>\n\t\t<div class=\"elementor-element elementor-element-f4ad944 e-flex e-con-boxed e-con e-child\" data-id=\"f4ad944\" data-element_type=\"container\" data-settings=\"{&quot;background_background&quot;:&quot;classic&quot;}\">\n\t\t\t\t\t<div class=\"e-con-inner\">\n\t\t\t\t<div class=\"elementor-element elementor-element-bbf4902 elementor-widget elementor-widget-image\" data-id=\"bbf4902\" data-element_type=\"widget\" data-widget_type=\"image.default\">\n\t\t\t\t<div class=\"elementor-widget-container\">\n\t\t\t\t\t\t\t\t\t\t\t\t\t<img decoding=\"async\" src=\"https:\/\/www.innergy-global.com\/wp-content\/uploads\/elementor\/thumbs\/INNERGY-BIOMASS-BOILER-PANEL-INDUSTRY-1-scaled-qwzl2dxleu3s164baiasu2fvkxwjkvbmfle6xk43ha.jpg\" title=\"INNERGY BIOMASS BOILER PANEL INDUSTRY\" alt=\"INNERGY BIOMASS BOILER PANEL INDUSTRY\" class=\"elementor-animation-grow\" loading=\"lazy\" \/>\t\t\t\t\t\t\t\t\t\t\t\t\t<\/div>\n\t\t\t\t<\/div>\n\t\t\t\t\t<\/div>\n\t\t\t\t<\/div>\n\t\t\t\t\t<\/div>\n\t\t\t\t<\/div>\n\t\t\t\t\t<\/div>\n\t\t\t\t<\/div>\n\t\t\t\t<\/div>\n\t\t","protected":false},"excerpt":{"rendered":"<p>Operaci\u00f3n y Mantenimiento O&amp;M Un correcto mantenimiento y asistencia regulares son esenciales para evitar paradas e inactividad de la planta, garantizando\u00a0una vida \u00fatil prolongada. En INNERGY, acompa\u00f1amos a nuestros clientes durante toda la vida \u00fatil de sus instalaciones mediante contratos individuales y flexibles de mantenimiento, los cuales incluyen el asesoramiento de nuestros especialistas.\u00a0 Adem\u00e1s, desarollamos [&hellip;]<\/p>\n","protected":false},"author":1,"featured_media":0,"parent":0,"menu_order":0,"comment_status":"closed","ping_status":"closed","template":"elementor_header_footer","meta":{"_joinchat":[],"footnotes":""},"class_list":["post-1465","page","type-page","status-publish","hentry"],"yoast_head":"<!-- This site is optimized with the Yoast SEO plugin v23.8 - https:\/\/yoast.com\/wordpress\/plugins\/seo\/ -->\n<title>Operaci\u00f3n y mantenimiento - INNERGY WEB INTERNACIONAL<\/title>\n<meta name=\"robots\" content=\"index, follow, max-snippet:-1, max-image-preview:large, max-video-preview:-1\" \/>\n<link rel=\"canonical\" href=\"https:\/\/www.innergy-global.com\/es\/operacion-y-mantenimiento\/\" \/>\n<meta property=\"og:locale\" content=\"es_ES\" \/>\n<meta property=\"og:type\" content=\"article\" \/>\n<meta property=\"og:title\" content=\"Operaci\u00f3n y mantenimiento - INNERGY WEB INTERNACIONAL\" \/>\n<meta property=\"og:description\" content=\"Operaci\u00f3n y Mantenimiento O&amp;M Un correcto mantenimiento y asistencia regulares son esenciales para evitar paradas e inactividad de la planta, garantizando\u00a0una vida \u00fatil prolongada. En INNERGY, acompa\u00f1amos a nuestros clientes durante toda la vida \u00fatil de sus instalaciones mediante contratos individuales y flexibles de mantenimiento, los cuales incluyen el asesoramiento de nuestros especialistas.\u00a0 Adem\u00e1s, desarollamos [&hellip;]\" \/>\n<meta property=\"og:url\" content=\"https:\/\/www.innergy-global.com\/es\/operacion-y-mantenimiento\/\" \/>\n<meta property=\"og:site_name\" content=\"INNERGY WEB INTERNACIONAL\" \/>\n<meta property=\"article:modified_time\" content=\"2024-07-26T13:10:51+00:00\" \/>\n<meta property=\"og:image\" content=\"https:\/\/innergy-global.com\/wp-content\/uploads\/elementor\/thumbs\/2014-06-12-09.12.36-scaled-qpjg372hkyyiirpb7m2ufaotd4m4c5v3yp0zqwhm72.jpg\" \/>\n<meta name=\"twitter:card\" content=\"summary_large_image\" \/>\n<meta name=\"twitter:label1\" content=\"Tiempo de lectura\" \/>\n\t<meta name=\"twitter:data1\" content=\"2 minutos\" \/>\n<script type=\"application\/ld+json\" class=\"yoast-schema-graph\">{\"@context\":\"https:\/\/schema.org\",\"@graph\":[{\"@type\":\"WebPage\",\"@id\":\"https:\/\/www.innergy-global.com\/es\/operacion-y-mantenimiento\/\",\"url\":\"https:\/\/www.innergy-global.com\/es\/operacion-y-mantenimiento\/\",\"name\":\"Operaci\u00f3n y mantenimiento - INNERGY WEB INTERNACIONAL\",\"isPartOf\":{\"@id\":\"https:\/\/www.innergy-global.com\/ja\/#website\"},\"primaryImageOfPage\":{\"@id\":\"https:\/\/www.innergy-global.com\/es\/operacion-y-mantenimiento\/#primaryimage\"},\"image\":{\"@id\":\"https:\/\/www.innergy-global.com\/es\/operacion-y-mantenimiento\/#primaryimage\"},\"thumbnailUrl\":\"https:\/\/innergy-global.com\/wp-content\/uploads\/elementor\/thumbs\/2014-06-12-09.12.36-scaled-qpjg372hkyyiirpb7m2ufaotd4m4c5v3yp0zqwhm72.jpg\",\"datePublished\":\"2024-06-12T06:33:15+00:00\",\"dateModified\":\"2024-07-26T13:10:51+00:00\",\"breadcrumb\":{\"@id\":\"https:\/\/www.innergy-global.com\/es\/operacion-y-mantenimiento\/#breadcrumb\"},\"inLanguage\":\"es\",\"potentialAction\":[{\"@type\":\"ReadAction\",\"target\":[\"https:\/\/www.innergy-global.com\/es\/operacion-y-mantenimiento\/\"]}]},{\"@type\":\"ImageObject\",\"inLanguage\":\"es\",\"@id\":\"https:\/\/www.innergy-global.com\/es\/operacion-y-mantenimiento\/#primaryimage\",\"url\":\"https:\/\/innergy-global.com\/wp-content\/uploads\/elementor\/thumbs\/2014-06-12-09.12.36-scaled-qpjg372hkyyiirpb7m2ufaotd4m4c5v3yp0zqwhm72.jpg\",\"contentUrl\":\"https:\/\/innergy-global.com\/wp-content\/uploads\/elementor\/thumbs\/2014-06-12-09.12.36-scaled-qpjg372hkyyiirpb7m2ufaotd4m4c5v3yp0zqwhm72.jpg\"},{\"@type\":\"BreadcrumbList\",\"@id\":\"https:\/\/www.innergy-global.com\/es\/operacion-y-mantenimiento\/#breadcrumb\",\"itemListElement\":[{\"@type\":\"ListItem\",\"position\":1,\"name\":\"Portada\",\"item\":\"https:\/\/www.innergy-global.com\/es\/\"},{\"@type\":\"ListItem\",\"position\":2,\"name\":\"Operaci\u00f3n y mantenimiento\"}]},{\"@type\":\"WebSite\",\"@id\":\"https:\/\/www.innergy-global.com\/ja\/#website\",\"url\":\"https:\/\/www.innergy-global.com\/ja\/\",\"name\":\"INNERGY WEB INTERNACIONAL\",\"description\":\"\",\"publisher\":{\"@id\":\"https:\/\/www.innergy-global.com\/ja\/#organization\"},\"potentialAction\":[{\"@type\":\"SearchAction\",\"target\":{\"@type\":\"EntryPoint\",\"urlTemplate\":\"https:\/\/www.innergy-global.com\/ja\/?s={search_term_string}\"},\"query-input\":{\"@type\":\"PropertyValueSpecification\",\"valueRequired\":true,\"valueName\":\"search_term_string\"}}],\"inLanguage\":\"es\"},{\"@type\":\"Organization\",\"@id\":\"https:\/\/www.innergy-global.com\/ja\/#organization\",\"name\":\"INNERGY WEB INTERNACIONAL\",\"url\":\"https:\/\/www.innergy-global.com\/ja\/\",\"logo\":{\"@type\":\"ImageObject\",\"inLanguage\":\"es\",\"@id\":\"https:\/\/www.innergy-global.com\/ja\/#\/schema\/logo\/image\/\",\"url\":\"https:\/\/www.innergy-global.com\/wp-content\/uploads\/2024\/06\/logo_innergy.png\",\"contentUrl\":\"https:\/\/www.innergy-global.com\/wp-content\/uploads\/2024\/06\/logo_innergy.png\",\"width\":236,\"height\":150,\"caption\":\"INNERGY WEB INTERNACIONAL\"},\"image\":{\"@id\":\"https:\/\/www.innergy-global.com\/ja\/#\/schema\/logo\/image\/\"}}]}<\/script>\n<!-- \/ Yoast SEO plugin. -->","yoast_head_json":{"title":"Operaci\u00f3n y mantenimiento - INNERGY WEB INTERNACIONAL","robots":{"index":"index","follow":"follow","max-snippet":"max-snippet:-1","max-image-preview":"max-image-preview:large","max-video-preview":"max-video-preview:-1"},"canonical":"https:\/\/www.innergy-global.com\/es\/operacion-y-mantenimiento\/","og_locale":"es_ES","og_type":"article","og_title":"Operaci\u00f3n y mantenimiento - INNERGY WEB INTERNACIONAL","og_description":"Operaci\u00f3n y Mantenimiento O&amp;M Un correcto mantenimiento y asistencia regulares son esenciales para evitar paradas e inactividad de la planta, garantizando\u00a0una vida \u00fatil prolongada. En INNERGY, acompa\u00f1amos a nuestros clientes durante toda la vida \u00fatil de sus instalaciones mediante contratos individuales y flexibles de mantenimiento, los cuales incluyen el asesoramiento de nuestros especialistas.\u00a0 Adem\u00e1s, desarollamos [&hellip;]","og_url":"https:\/\/www.innergy-global.com\/es\/operacion-y-mantenimiento\/","og_site_name":"INNERGY WEB INTERNACIONAL","article_modified_time":"2024-07-26T13:10:51+00:00","og_image":[{"url":"https:\/\/innergy-global.com\/wp-content\/uploads\/elementor\/thumbs\/2014-06-12-09.12.36-scaled-qpjg372hkyyiirpb7m2ufaotd4m4c5v3yp0zqwhm72.jpg"}],"twitter_card":"summary_large_image","twitter_misc":{"Tiempo de lectura":"2 minutos"},"schema":{"@context":"https:\/\/schema.org","@graph":[{"@type":"WebPage","@id":"https:\/\/www.innergy-global.com\/es\/operacion-y-mantenimiento\/","url":"https:\/\/www.innergy-global.com\/es\/operacion-y-mantenimiento\/","name":"Operaci\u00f3n y mantenimiento - INNERGY WEB INTERNACIONAL","isPartOf":{"@id":"https:\/\/www.innergy-global.com\/ja\/#website"},"primaryImageOfPage":{"@id":"https:\/\/www.innergy-global.com\/es\/operacion-y-mantenimiento\/#primaryimage"},"image":{"@id":"https:\/\/www.innergy-global.com\/es\/operacion-y-mantenimiento\/#primaryimage"},"thumbnailUrl":"https:\/\/innergy-global.com\/wp-content\/uploads\/elementor\/thumbs\/2014-06-12-09.12.36-scaled-qpjg372hkyyiirpb7m2ufaotd4m4c5v3yp0zqwhm72.jpg","datePublished":"2024-06-12T06:33:15+00:00","dateModified":"2024-07-26T13:10:51+00:00","breadcrumb":{"@id":"https:\/\/www.innergy-global.com\/es\/operacion-y-mantenimiento\/#breadcrumb"},"inLanguage":"es","potentialAction":[{"@type":"ReadAction","target":["https:\/\/www.innergy-global.com\/es\/operacion-y-mantenimiento\/"]}]},{"@type":"ImageObject","inLanguage":"es","@id":"https:\/\/www.innergy-global.com\/es\/operacion-y-mantenimiento\/#primaryimage","url":"https:\/\/innergy-global.com\/wp-content\/uploads\/elementor\/thumbs\/2014-06-12-09.12.36-scaled-qpjg372hkyyiirpb7m2ufaotd4m4c5v3yp0zqwhm72.jpg","contentUrl":"https:\/\/innergy-global.com\/wp-content\/uploads\/elementor\/thumbs\/2014-06-12-09.12.36-scaled-qpjg372hkyyiirpb7m2ufaotd4m4c5v3yp0zqwhm72.jpg"},{"@type":"BreadcrumbList","@id":"https:\/\/www.innergy-global.com\/es\/operacion-y-mantenimiento\/#breadcrumb","itemListElement":[{"@type":"ListItem","position":1,"name":"Portada","item":"https:\/\/www.innergy-global.com\/es\/"},{"@type":"ListItem","position":2,"name":"Operaci\u00f3n y mantenimiento"}]},{"@type":"WebSite","@id":"https:\/\/www.innergy-global.com\/ja\/#website","url":"https:\/\/www.innergy-global.com\/ja\/","name":"INNERGY WEB INTERNACIONAL","description":"","publisher":{"@id":"https:\/\/www.innergy-global.com\/ja\/#organization"},"potentialAction":[{"@type":"SearchAction","target":{"@type":"EntryPoint","urlTemplate":"https:\/\/www.innergy-global.com\/ja\/?s={search_term_string}"},"query-input":{"@type":"PropertyValueSpecification","valueRequired":true,"valueName":"search_term_string"}}],"inLanguage":"es"},{"@type":"Organization","@id":"https:\/\/www.innergy-global.com\/ja\/#organization","name":"INNERGY WEB INTERNACIONAL","url":"https:\/\/www.innergy-global.com\/ja\/","logo":{"@type":"ImageObject","inLanguage":"es","@id":"https:\/\/www.innergy-global.com\/ja\/#\/schema\/logo\/image\/","url":"https:\/\/www.innergy-global.com\/wp-content\/uploads\/2024\/06\/logo_innergy.png","contentUrl":"https:\/\/www.innergy-global.com\/wp-content\/uploads\/2024\/06\/logo_innergy.png","width":236,"height":150,"caption":"INNERGY WEB INTERNACIONAL"},"image":{"@id":"https:\/\/www.innergy-global.com\/ja\/#\/schema\/logo\/image\/"}}]}},"_links":{"self":[{"href":"https:\/\/www.innergy-global.com\/es\/wp-json\/wp\/v2\/pages\/1465","targetHints":{"allow":["GET"]}}],"collection":[{"href":"https:\/\/www.innergy-global.com\/es\/wp-json\/wp\/v2\/pages"}],"about":[{"href":"https:\/\/www.innergy-global.com\/es\/wp-json\/wp\/v2\/types\/page"}],"author":[{"embeddable":true,"href":"https:\/\/www.innergy-global.com\/es\/wp-json\/wp\/v2\/users\/1"}],"replies":[{"embeddable":true,"href":"https:\/\/www.innergy-global.com\/es\/wp-json\/wp\/v2\/comments?post=1465"}],"version-history":[{"count":34,"href":"https:\/\/www.innergy-global.com\/es\/wp-json\/wp\/v2\/pages\/1465\/revisions"}],"predecessor-version":[{"id":4506,"href":"https:\/\/www.innergy-global.com\/es\/wp-json\/wp\/v2\/pages\/1465\/revisions\/4506"}],"wp:attachment":[{"href":"https:\/\/www.innergy-global.com\/es\/wp-json\/wp\/v2\/media?parent=1465"}],"curies":[{"name":"wp","href":"https:\/\/api.w.org\/{rel}","templated":true}]}}